{"id":8,"date":"2014-07-22T14:43:14","date_gmt":"2014-07-22T14:43:14","guid":{"rendered":"http:\/\/villaselva.ch\/?page_id=8"},"modified":"2021-04-13T14:44:08","modified_gmt":"2021-04-13T14:44:08","slug":"selva","status":"publish","type":"page","link":"https:\/\/villaselva.ch\/fr\/selva\/","title":{"rendered":"H\u00f4tel"},"content":{"rendered":"<p class=\"qtranxs-available-languages-message qtranxs-available-languages-message-fr\">D\u00e9sol\u00e9, cet article est seulement disponible en <a href=\"https:\/\/villaselva.ch\/en\/wp-json\/wp\/v2\/pages\/8\" class=\"qtranxs-available-language-link qtranxs-available-language-link-en\" title=\"English\">Anglais Am\u00e9ricain<\/a> et <a href=\"https:\/\/villaselva.ch\/it\/wp-json\/wp\/v2\/pages\/8\" class=\"qtranxs-available-language-link qtranxs-available-language-link-it\" title=\"Italiano\">Italien<\/a>.<\/p>","protected":false},"excerpt":{"rendered":"<p>D\u00e9sol\u00e9, cet article est seulement disponible en Anglais Am\u00e9ricain et Italien.<\/p>\n","protected":false},"author":1,"featured_media":0,"parent":0,"menu_order":0,"comment_status":"open","ping_status":"open","template":"page-templates\/page-with-content-on-the-right.php","meta":{"footnotes":""},"_links":{"self":[{"href":"https:\/\/villaselva.ch\/fr\/wp-json\/wp\/v2\/pages\/8"}],"collection":[{"href":"https:\/\/villaselva.ch\/fr\/wp-json\/wp\/v2\/pages"}],"about":[{"href":"https:\/\/villaselva.ch\/fr\/wp-json\/wp\/v2\/types\/page"}],"author":[{"embeddable":true,"href":"https:\/\/villaselva.ch\/fr\/wp-json\/wp\/v2\/users\/1"}],"replies":[{"embeddable":true,"href":"https:\/\/villaselva.ch\/fr\/wp-json\/wp\/v2\/comments?post=8"}],"version-history":[{"count":29,"href":"https:\/\/villaselva.ch\/fr\/wp-json\/wp\/v2\/pages\/8\/revisions"}],"predecessor-version":[{"id":419,"href":"https:\/\/villaselva.ch\/fr\/wp-json\/wp\/v2\/pages\/8\/revisions\/419"}],"wp:attachment":[{"href":"https:\/\/villaselva.ch\/fr\/wp-json\/wp\/v2\/media?parent=8"}],"curies":[{"name":"wp","href":"https:\/\/api.w.org\/{rel}","templated":true}]}}