{"id":61,"date":"2014-07-24T17:46:59","date_gmt":"2014-07-24T17:46:59","guid":{"rendered":"http:\/\/villaselva.ch\/?page_id=61"},"modified":"2021-04-13T09:30:21","modified_gmt":"2021-04-13T09:30:21","slug":"restaurant","status":"publish","type":"page","link":"https:\/\/villaselva.ch\/fr\/restaurant\/","title":{"rendered":"Restaurant"},"content":{"rendered":"<p class=\"qtranxs-available-languages-message qtranxs-available-languages-message-fr\">D\u00e9sol\u00e9, cet article est seulement disponible en <a href=\"https:\/\/villaselva.ch\/en\/wp-json\/wp\/v2\/pages\/61\" class=\"qtranxs-available-language-link qtranxs-available-language-link-en\" title=\"English\">Anglais Am\u00e9ricain<\/a>, <a href=\"https:\/\/villaselva.ch\/de\/wp-json\/wp\/v2\/pages\/61\" class=\"qtranxs-available-language-link qtranxs-available-language-link-de\" title=\"Deutsch\">Allemand<\/a> et <a href=\"https:\/\/villaselva.ch\/it\/wp-json\/wp\/v2\/pages\/61\" class=\"qtranxs-available-language-link qtranxs-available-language-link-it\" title=\"Italiano\">Italien<\/a>.<\/p>","protected":false},"excerpt":{"rendered":"<p>D\u00e9sol\u00e9, cet article est seulement disponible en Anglais Am\u00e9ricain, Allemand et Italien.<\/p>\n","protected":false},"author":1,"featured_media":0,"parent":0,"menu_order":0,"comment_status":"open","ping_status":"open","template":"page-templates\/page-with-content-on-the-right.php","meta":{"footnotes":""},"_links":{"self":[{"href":"https:\/\/villaselva.ch\/fr\/wp-json\/wp\/v2\/pages\/61"}],"collection":[{"href":"https:\/\/villaselva.ch\/fr\/wp-json\/wp\/v2\/pages"}],"about":[{"href":"https:\/\/villaselva.ch\/fr\/wp-json\/wp\/v2\/types\/page"}],"author":[{"embeddable":true,"href":"https:\/\/villaselva.ch\/fr\/wp-json\/wp\/v2\/users\/1"}],"replies":[{"embeddable":true,"href":"https:\/\/villaselva.ch\/fr\/wp-json\/wp\/v2\/comments?post=61"}],"version-history":[{"count":22,"href":"https:\/\/villaselva.ch\/fr\/wp-json\/wp\/v2\/pages\/61\/revisions"}],"predecessor-version":[{"id":415,"href":"https:\/\/villaselva.ch\/fr\/wp-json\/wp\/v2\/pages\/61\/revisions\/415"}],"wp:attachment":[{"href":"https:\/\/villaselva.ch\/fr\/wp-json\/wp\/v2\/media?parent=61"}],"curies":[{"name":"wp","href":"https:\/\/api.w.org\/{rel}","templated":true}]}}